{"id":1766,"date":"2024-11-06T15:27:16","date_gmt":"2024-11-06T18:27:16","guid":{"rendered":"https:\/\/constelacaoepnl.com.br\/?post_type=product&#038;p=1766"},"modified":"2025-10-26T08:30:55","modified_gmt":"2025-10-26T11:30:55","slug":"congresso-constelacao-pnl","status":"publish","type":"product","link":"https:\/\/constelacaoepnl.com.br\/index.php\/produto\/congresso-constelacao-pnl\/","title":{"rendered":"Congresso de Constela\u00e7\u00e3o + PNL 2025"},"content":{"rendered":"<h4 class=\"elementor-heading-title elementor-size-default\">II Congresso Latino-Americano de Constela\u00e7\u00e3o Sist\u00eamica<\/h4>\n<h4 class=\"elementor-heading-title elementor-size-default\">XXI Congresso Latino-Americano de PNL<\/h4>\n","protected":false},"excerpt":{"rendered":"<h4 class=\"elementor-heading-title elementor-size-default\">II Congresso Latino-Americano de Constela\u00e7\u00e3o Sist\u00eamica + XXI Congresso Latino-Americano de PNL &#8211; Dias 25 e 26 de outubro de 2025 &#8211; Em Curitiba e Online<\/h4>\n","protected":false},"featured_media":1767,"comment_status":"closed","ping_status":"closed","template":"","meta":{"_joinchat":[]},"product_brand":[],"product_cat":[16,21],"product_tag":[22,23],"class_list":{"0":"post-1766","1":"product","2":"type-product","3":"status-publish","4":"has-post-thumbnail","6":"product_cat-congresso","7":"product_cat-congresso-de-constelacao","8":"product_tag-constelacao","9":"product_tag-pnl","11":"first","12":"instock","13":"shipping-taxable","14":"purchasable","15":"product-type-simple"},"_links":{"self":[{"href":"https:\/\/constelacaoepnl.com.br\/index.php\/wp-json\/wp\/v2\/product\/1766","targetHints":{"allow":["GET"]}}],"collection":[{"href":"https:\/\/constelacaoepnl.com.br\/index.php\/wp-json\/wp\/v2\/product"}],"about":[{"href":"https:\/\/constelacaoepnl.com.br\/index.php\/wp-json\/wp\/v2\/types\/product"}],"replies":[{"embeddable":true,"href":"https:\/\/constelacaoepnl.com.br\/index.php\/wp-json\/wp\/v2\/comments?post=1766"}],"wp:featuredmedia":[{"embeddable":true,"href":"https:\/\/constelacaoepnl.com.br\/index.php\/wp-json\/wp\/v2\/media\/1767"}],"wp:attachment":[{"href":"https:\/\/constelacaoepnl.com.br\/index.php\/wp-json\/wp\/v2\/media?parent=1766"}],"wp:term":[{"taxonomy":"product_brand","embeddable":true,"href":"https:\/\/constelacaoepnl.com.br\/index.php\/wp-json\/wp\/v2\/product_brand?post=1766"},{"taxonomy":"product_cat","embeddable":true,"href":"https:\/\/constelacaoepnl.com.br\/index.php\/wp-json\/wp\/v2\/product_cat?post=1766"},{"taxonomy":"product_tag","embeddable":true,"href":"https:\/\/constelacaoepnl.com.br\/index.php\/wp-json\/wp\/v2\/product_tag?post=1766"}],"curies":[{"name":"wp","href":"https:\/\/api.w.org\/{rel}","templated":true}]}}