{"id":1764,"date":"2024-11-06T15:14:45","date_gmt":"2024-11-06T18:14:45","guid":{"rendered":"https:\/\/constelacaoepnl.com.br\/?post_type=product&#038;p=1764"},"modified":"2025-10-26T08:31:31","modified_gmt":"2025-10-26T11:31:31","slug":"congresso-pnl","status":"publish","type":"product","link":"https:\/\/constelacaoepnl.com.br\/index.php\/produto\/congresso-pnl\/","title":{"rendered":"Congresso de PNL \u2013 2025"},"content":{"rendered":"<h4 class=\"elementor-heading-title elementor-size-default\">XXI Congresso Latino-Americano de PNL<\/h4>\n","protected":false},"excerpt":{"rendered":"<h4 class=\"elementor-heading-title elementor-size-default\">XXI Congresso Latino-Americano de Programa\u00e7\u00e3o Neurolingu\u00edstica (PNL) &#8211; 26 de outubro de 2025<\/h4>\n<h4 class=\"elementor-heading-title elementor-size-default\">&#8211; Em Curitiba e Online<\/h4>\n","protected":false},"featured_media":1765,"comment_status":"closed","ping_status":"closed","template":"","meta":{"_joinchat":[]},"product_brand":[],"product_cat":[16],"product_tag":[23],"class_list":{"0":"post-1764","1":"product","2":"type-product","3":"status-publish","4":"has-post-thumbnail","6":"product_cat-congresso","7":"product_tag-pnl","9":"first","10":"instock","11":"shipping-taxable","12":"purchasable","13":"product-type-simple"},"_links":{"self":[{"href":"https:\/\/constelacaoepnl.com.br\/index.php\/wp-json\/wp\/v2\/product\/1764","targetHints":{"allow":["GET"]}}],"collection":[{"href":"https:\/\/constelacaoepnl.com.br\/index.php\/wp-json\/wp\/v2\/product"}],"about":[{"href":"https:\/\/constelacaoepnl.com.br\/index.php\/wp-json\/wp\/v2\/types\/product"}],"replies":[{"embeddable":true,"href":"https:\/\/constelacaoepnl.com.br\/index.php\/wp-json\/wp\/v2\/comments?post=1764"}],"wp:featuredmedia":[{"embeddable":true,"href":"https:\/\/constelacaoepnl.com.br\/index.php\/wp-json\/wp\/v2\/media\/1765"}],"wp:attachment":[{"href":"https:\/\/constelacaoepnl.com.br\/index.php\/wp-json\/wp\/v2\/media?parent=1764"}],"wp:term":[{"taxonomy":"product_brand","embeddable":true,"href":"https:\/\/constelacaoepnl.com.br\/index.php\/wp-json\/wp\/v2\/product_brand?post=1764"},{"taxonomy":"product_cat","embeddable":true,"href":"https:\/\/constelacaoepnl.com.br\/index.php\/wp-json\/wp\/v2\/product_cat?post=1764"},{"taxonomy":"product_tag","embeddable":true,"href":"https:\/\/constelacaoepnl.com.br\/index.php\/wp-json\/wp\/v2\/product_tag?post=1764"}],"curies":[{"name":"wp","href":"https:\/\/api.w.org\/{rel}","templated":true}]}}