{"id":13,"date":"2023-04-17T09:38:52","date_gmt":"2023-04-17T12:38:52","guid":{"rendered":"https:\/\/giribeiroleite.com.br\/congresso\/?page_id=13"},"modified":"2023-05-11T14:36:19","modified_gmt":"2023-05-11T17:36:19","slug":"o-que-e-pnl","status":"publish","type":"page","link":"https:\/\/constelacaoepnl.com.br\/index.php\/o-que-e-pnl\/","title":{"rendered":"O QUE \u00c9 PNL?"},"content":{"rendered":"\t\t<div data-elementor-type=\"wp-page\" data-elementor-id=\"13\" class=\"elementor elementor-13\">\n\t\t\t\t<div class=\"elementor-element elementor-element-3d1e656 e-flex e-con-boxed e-con e-parent\" data-id=\"3d1e656\" data-element_type=\"container\">\n\t\t\t\t\t<div class=\"e-con-inner\">\n\t\t<div class=\"elementor-element elementor-element-888fc13 e-con-full e-flex e-con e-child\" data-id=\"888fc13\" data-element_type=\"container\">\n\t\t\t\t<div class=\"elementor-element elementor-element-d970d5b elementor-widget elementor-widget-heading\" data-id=\"d970d5b\" data-element_type=\"widget\" data-widget_type=\"heading.default\">\n\t\t\t\t<div class=\"elementor-widget-container\">\n\t\t\t\t\t<h2 class=\"elementor-heading-title elementor-size-default\">O que \u00e9 PNL?<\/h2>\t\t\t\t<\/div>\n\t\t\t\t<\/div>\n\t\t\t\t<div class=\"elementor-element elementor-element-ebc315a elementor-widget elementor-widget-text-editor\" data-id=\"ebc315a\" data-element_type=\"widget\" data-widget_type=\"text-editor.default\">\n\t\t\t\t<div class=\"elementor-widget-container\">\n\t\t\t\t\t\t\t\t\t<p>Programa\u00e7\u00e3o Neurolingu\u00edstica ou PNL \u00e9 o estudo da estrutura da experi\u00eancia subjetiva. Ela estuda os padr\u00f5es (&#8220;programa\u00e7\u00e3o&#8221;) criados pela intera\u00e7\u00e3o entre o c\u00e9rebro (&#8220;neuro&#8221;), a linguagem (&#8220;lingu\u00edstica&#8221;) e o corpo. Ela analisa como o c\u00e9rebro e a mente funcionam, como criamos nossos pensamentos, sentimentos, estados emocionais, comportamentos e como podemos direcionar e otimizar esse processo.<br \/><br \/>Por essas raz\u00f5es a PNL \u00e9 considerada como uma nova tecnologia do agir e do pensar que proporciona uma compreens\u00e3o maior do funcionamento da mente, equil\u00edbrio emocional e mais sa;ude nos aspectos f\u00edsico, mental e espiritual.<\/p>\t\t\t\t\t\t\t\t<\/div>\n\t\t\t\t<\/div>\n\t\t\t\t<\/div>\n\t\t<div class=\"elementor-element elementor-element-88eb347 e-con-full e-flex e-con e-child\" data-id=\"88eb347\" data-element_type=\"container\">\n\t\t\t\t<div class=\"elementor-element elementor-element-86488f2 elementor-widget elementor-widget-video\" data-id=\"86488f2\" data-element_type=\"widget\" data-settings=\"{&quot;youtube_url&quot;:&quot;https:\\\/\\\/youtu.be\\\/hMJO2TMN0vY&quot;,&quot;video_type&quot;:&quot;youtube&quot;,&quot;controls&quot;:&quot;yes&quot;}\" data-widget_type=\"video.default\">\n\t\t\t\t<div class=\"elementor-widget-container\">\n\t\t\t\t\t\t\t<div class=\"elementor-wrapper elementor-open-inline\">\n\t\t\t<div class=\"elementor-video\"><\/div>\t\t<\/div>\n\t\t\t\t\t\t<\/div>\n\t\t\t\t<\/div>\n\t\t\t\t<\/div>\n\t\t\t\t\t<\/div>\n\t\t\t\t<\/div>\n\t\t<div class=\"elementor-element elementor-element-044e518 e-flex e-con-boxed e-con e-parent\" data-id=\"044e518\" data-element_type=\"container\" data-settings=\"{&quot;background_background&quot;:&quot;classic&quot;}\">\n\t\t\t\t\t<div class=\"e-con-inner\">\n\t\t\t\t<div class=\"elementor-element elementor-element-fd25ca2 elementor-widget elementor-widget-heading\" data-id=\"fd25ca2\" data-element_type=\"widget\" data-widget_type=\"heading.default\">\n\t\t\t\t<div class=\"elementor-widget-container\">\n\t\t\t\t\t<h2 class=\"elementor-heading-title elementor-size-default\">Como se pode chegar aos grandes objetivos da vida? <\/br>\nComo fazer aliados na caminhada at\u00e9 os grandes prop\u00f3sitos e miss\u00f5es? <\/br>\nComo produzir mudan\u00e7as de maneira r\u00e1pida e profunda?<\/h2>\t\t\t\t<\/div>\n\t\t\t\t<\/div>\n\t\t\t\t\t<\/div>\n\t\t\t\t<\/div>\n\t\t<div class=\"elementor-element elementor-element-3bce1ba e-flex e-con-boxed e-con e-parent\" data-id=\"3bce1ba\" data-element_type=\"container\">\n\t\t\t\t\t<div class=\"e-con-inner\">\n\t\t<div class=\"elementor-element elementor-element-2a68355 e-con-full e-flex e-con e-child\" data-id=\"2a68355\" data-element_type=\"container\">\n\t\t\t\t<div class=\"elementor-element elementor-element-5a5a952 elementor-widget elementor-widget-text-editor\" data-id=\"5a5a952\" data-element_type=\"widget\" data-widget_type=\"text-editor.default\">\n\t\t\t\t<div class=\"elementor-widget-container\">\n\t\t\t\t\t\t\t\t\t<p>A PNL vem respondendo essas e outras quest\u00f5es essenciais ao ser humano e transformando pessoas e organiza\u00e7\u00f5es de todo o mundo.<\/p><p>A Programa\u00e7\u00e3o Neurolingu\u00edstica foi criada a partir de pesquisas que analisavam os padr\u00f5es de comportamento e pensamento de pessoas que atingiram o sucesso e excel\u00eancia no que faziam.<\/p>\t\t\t\t\t\t\t\t<\/div>\n\t\t\t\t<\/div>\n\t\t\t\t<\/div>\n\t\t<div class=\"elementor-element elementor-element-f93da1d e-con-full e-flex e-con e-child\" data-id=\"f93da1d\" data-element_type=\"container\">\n\t\t\t\t<div class=\"elementor-element elementor-element-4f9d5aa elementor-widget elementor-widget-text-editor\" data-id=\"4f9d5aa\" data-element_type=\"widget\" data-widget_type=\"text-editor.default\">\n\t\t\t\t<div class=\"elementor-widget-container\">\n\t\t\t\t\t\t\t\t\t<p>Possui t\u00e9cnicas comprovadamente eficazes para o alcance de resultados. \u00c9 utilizada na educa\u00e7\u00e3o, desenvolvimento humano, terapia, coaching, organiza\u00e7\u00f5es, vendas e em todas as \u00e1reas onde o comportamento humano esteja presente.<\/p><p>Desde sua origem a PNL conta com grandes pesquisadores, verdadeiros artistas do desenvolvimento humano que contribuem para sua evolu\u00e7\u00e3o, flexibilidade e maestria, por isso, trazemos a voc\u00eas a possibilidade de conhecer novas vertentes da PNL, novas formas de atua\u00e7\u00e3o e de obter resultados.<\/p>\t\t\t\t\t\t\t\t<\/div>\n\t\t\t\t<\/div>\n\t\t\t\t<\/div>\n\t\t\t\t\t<\/div>\n\t\t\t\t<\/div>\n\t\t<div class=\"elementor-element elementor-element-4fd203a e-flex e-con-boxed e-con e-parent\" data-id=\"4fd203a\" data-element_type=\"container\">\n\t\t\t\t\t<div class=\"e-con-inner\">\n\t\t<div class=\"elementor-element elementor-element-7f49e90 e-flex e-con-boxed elementor-invisible e-con e-child\" data-id=\"7f49e90\" data-element_type=\"container\" data-settings=\"{&quot;background_background&quot;:&quot;classic&quot;,&quot;animation&quot;:&quot;fadeInLeft&quot;}\">\n\t\t\t\t\t<div class=\"e-con-inner\">\n\t\t\t\t<div class=\"elementor-element elementor-element-f4b53d8 elementor-widget elementor-widget-heading\" data-id=\"f4b53d8\" data-element_type=\"widget\" data-widget_type=\"heading.default\">\n\t\t\t\t<div class=\"elementor-widget-container\">\n\t\t\t\t\t<h2 class=\"elementor-heading-title elementor-size-default\">PARTICIPE DO CONGRESSO - SER\u00c1 UM EVENTO TRANSFORMADOR<\/h2>\t\t\t\t<\/div>\n\t\t\t\t<\/div>\n\t\t\t\t\t<\/div>\n\t\t\t\t<\/div>\n\t\t\t\t\t<\/div>\n\t\t\t\t<\/div>\n\t\t<div class=\"elementor-element elementor-element-cc50a83 e-flex e-con-boxed e-con e-parent\" data-id=\"cc50a83\" data-element_type=\"container\">\n\t\t\t\t\t<div class=\"e-con-inner\">\n\t\t\t\t<div class=\"elementor-element elementor-element-1492d0e elementor-align-center elementor-widget elementor-widget-button\" data-id=\"1492d0e\" data-element_type=\"widget\" data-widget_type=\"button.default\">\n\t\t\t\t<div class=\"elementor-widget-container\">\n\t\t\t\t\t\t\t\t\t<div class=\"elementor-button-wrapper\">\n\t\t\t\t\t<a class=\"elementor-button elementor-button-link elementor-size-lg\" href=\"https:\/\/constelacaoepnl.com.br\/#ingressos\">\n\t\t\t\t\t\t<span class=\"elementor-button-content-wrapper\">\n\t\t\t\t\t\t\t\t\t<span class=\"elementor-button-text\">QUERO ME INSCREVER<\/span>\n\t\t\t\t\t<\/span>\n\t\t\t\t\t<\/a>\n\t\t\t\t<\/div>\n\t\t\t\t\t\t\t\t<\/div>\n\t\t\t\t<\/div>\n\t\t\t\t\t<\/div>\n\t\t\t\t<\/div>\n\t\t\t\t<\/div>\n\t\t","protected":false},"excerpt":{"rendered":"<p>O que \u00e9 PNL? Programa\u00e7\u00e3o Neurolingu\u00edstica ou PNL \u00e9 o estudo da estrutura da experi\u00eancia subjetiva. Ela estuda os padr\u00f5es (&#8220;programa\u00e7\u00e3o&#8221;) criados pela intera\u00e7\u00e3o entre o c\u00e9rebro (&#8220;neuro&#8221;), a linguagem (&#8220;lingu\u00edstica&#8221;) e o corpo. Ela analisa como o c\u00e9rebro e a mente funcionam, como criamos nossos pensamentos, sentimentos, estados emocionais, comportamentos e como podemos direcionar [&hellip;]<\/p>\n","protected":false},"author":1,"featured_media":0,"parent":0,"menu_order":0,"comment_status":"closed","ping_status":"closed","template":"elementor_header_footer","meta":{"_joinchat":[],"footnotes":""},"class_list":["post-13","page","type-page","status-publish","hentry"],"_links":{"self":[{"href":"https:\/\/constelacaoepnl.com.br\/index.php\/wp-json\/wp\/v2\/pages\/13","targetHints":{"allow":["GET"]}}],"collection":[{"href":"https:\/\/constelacaoepnl.com.br\/index.php\/wp-json\/wp\/v2\/pages"}],"about":[{"href":"https:\/\/constelacaoepnl.com.br\/index.php\/wp-json\/wp\/v2\/types\/page"}],"author":[{"embeddable":true,"href":"https:\/\/constelacaoepnl.com.br\/index.php\/wp-json\/wp\/v2\/users\/1"}],"replies":[{"embeddable":true,"href":"https:\/\/constelacaoepnl.com.br\/index.php\/wp-json\/wp\/v2\/comments?post=13"}],"version-history":[{"count":12,"href":"https:\/\/constelacaoepnl.com.br\/index.php\/wp-json\/wp\/v2\/pages\/13\/revisions"}],"predecessor-version":[{"id":620,"href":"https:\/\/constelacaoepnl.com.br\/index.php\/wp-json\/wp\/v2\/pages\/13\/revisions\/620"}],"wp:attachment":[{"href":"https:\/\/constelacaoepnl.com.br\/index.php\/wp-json\/wp\/v2\/media?parent=13"}],"curies":[{"name":"wp","href":"https:\/\/api.w.org\/{rel}","templated":true}]}}